{"id":9447,"date":"2022-06-10T06:55:45","date_gmt":"2022-06-10T06:55:45","guid":{"rendered":"https:\/\/winmaxco.com.vn\/?post_type=product&#038;p=9447"},"modified":"2022-06-10T06:56:47","modified_gmt":"2022-06-10T06:56:47","slug":"gendocine-10-ml-eye-drops","status":"publish","type":"product","link":"https:\/\/www.winmaxco.com.vn\/vi\/san-pham\/gendocine-10-ml-eye-drops\/","title":{"rendered":"Gendocine 10 ml Eye Drops"},"content":{"rendered":"<p style=\"text-align: center;\"><span style=\"color: #000000;\"><strong>GENDOCIN<\/strong><\/span><br \/>\n<span style=\"color: #000000;\"><strong>THU\u1ed0C NH\u1ece M\u1eaeT<\/strong><\/span><br \/>\n<span style=\"color: #000000;\"><strong>\u0110I\u1ec0U TR\u1eca VI\u00caM XOANG &#8211; B\u1ec6NH NH\u00c2N L\u00d4NG<\/strong><\/span><\/p>\n<p><span style=\"color: #000000;\"><strong>TH\u00c0NH PH\u1ea6N:<\/strong><\/span><\/p>\n<p><span style=\"color: #000000;\">Gentamycm sulfat<\/span><br \/>\n<span style=\"color: #000000;\">3 mg<\/span><br \/>\n<span style=\"color: #000000;\">ocu ar<\/span><br \/>\n<span style=\"color: #000000;\">vi khu\u1ea9n<\/span><br \/>\n<span style=\"color: #000000;\">nhi\u1ec5m tr\u00f9ng<\/span><br \/>\n<span style=\"color: #000000;\">bao g\u1ed3m<\/span><br \/>\n<span style=\"color: #000000;\">Dexamethasone natri photphat<\/span><br \/>\n<span style=\"color: #000000;\">Chlopheniramm maleate<\/span><br \/>\n<span style=\"color: #000000;\">T\u00e1 d\u01b0\u1ee3c qs<\/span><br \/>\n<span style=\"color: #000000;\">1 mg<\/span><br \/>\n<span style=\"color: #000000;\">100 mcg<\/span><\/p>\n<p><span style=\"color: #000000;\"><strong>CH\u1ec8 \u0110\u1ecaNH:<\/strong><\/span><\/p>\n<p><span style=\"color: #000000;\">\u0110\u1ec3 \u0111i\u1ec1u tr\u1ecb c\u00e1c b\u1ec7nh nhi\u1ec5m tr\u00f9ng c\u1ea5p t\u00ednh v\u00e0 m\u00e3n t\u00ednh bao g\u1ed3m vi\u00eam k\u1ebft m\u1ea1c, vi\u00eam k\u1ebft m\u1ea1c, vi\u00eam gi\u00e1c m\u1ea1c, ch\u1ea3y n\u01b0\u1edbc m\u1eaft, \u0111\u1ee5c gi\u00e1c m\u1ea1c, m\u1eaft c\u00f3 m\u1ee7.<\/span><\/p>\n<p><span style=\"color: #000000;\"><strong>LI\u1ec0U L\u01af\u1ee2NG V\u00c0 C\u00c1CH D\u00d9NG:<\/strong><\/span><\/p>\n<p><span style=\"color: #000000;\">&#8211; \u0110\u1ed9ng v\u1eadt nh\u1ecf: 1 &#8211; 2 gi\u1ecdt \/ m\u1eaft \/ l\u1ea7n. 4-5 l\u1ea7n m\u1ed9t ng\u00e0y.<\/span><br \/>\n<span style=\"color: #000000;\">&#8211; \u0110\u1ed9ng v\u1eadt l\u1edbn: nh\u1ecf 4-5 gi\u1ecdt \/ m\u1eaft \/ l\u1ea7n. 4-5 l\u1ea7n m\u1ed9t ng\u00e0y.<\/span><\/p>\n<p><span style=\"color: #000000;\">S\u1eed d\u1ee5ng cho \u0111\u1ebfn khi nh\u1eadn \u0111\u01b0\u1ee3c ph\u1ea3n \u1ee9ng thu\u1eadn l\u1ee3i ho\u1eb7c theo ch\u1ec9 d\u1eabn c\u1ee7a b\u00e1c s\u0129 th\u00fa y.<\/span><\/p>\n<p><span style=\"color: #000000;\">Xem detai trong t\u1edd r\u01a1i \u0111\u00ednh k\u00e8m<\/span><\/p>\n<p><span style=\"color: #000000;\"><strong>B\u1ea2O QU\u1ea2N:<\/strong> N\u01a1i kh\u00f4 m\u00e1t, nhi\u1ec7t \u0111\u1ed9 ph\u00f2ng.<\/span><\/p>\n<p><span style=\"color: #000000;\">Mfg.date &#8211; Exp.date &#8211; Lot: hi\u1ec3n th\u1ecb tr\u00ean bao b\u00ec.<\/span><\/p>\n<p><span style=\"color: #000000;\">Rgt.No: APC -181<\/span><\/p>\n<p><span style=\"color: #000000;\">Th\u01b0\u01a1ng m\u1ea1i h\u00f3a b\u1edfi:<\/span><\/p>\n<p><span style=\"color: #000000;\"><strong>C\u00f4ng ty c\u1ed5 ph\u1ea7n Nam Ti\u1ebfn<\/strong><\/span><\/p>\n<p><span style=\"color: #000000;\">2.9B1, KCN Tr\u00e0 N\u00f3c 2, Ph\u01b0\u1edbc Th\u1edbi<\/span><\/p>\n<p><span style=\"color: #000000;\">Ph\u01b0\u1eddng, Qu\u1eadn \u00d4 M\u00f4n, Th\u00e0nh ph\u1ed1 C\u1ea7n Th\u01a1, Vi\u1ec7t Nam<\/span><\/p>\n<p><span style=\"color: #000000;\">\u0110T: (+84) 292 3744744.<\/span><\/p>\n<p><span style=\"color: #000000;\"><strong>S\u1ea3n xu\u1ea5t b\u1edfi:<\/strong><\/span><\/p>\n<p><span style=\"color: #000000;\"><strong>CONG TY TNHH THUOC THU Y A CHAU<\/strong><\/span><\/p>\n<p><span style=\"color: #000000;\">130, Qu\u1ed1c L\u1ed9 1A, P. Ba L\u00e1ng, Q. C\u00e1i R\u0103ng, TP. C\u1ea7n Th\u01a15, Vi\u1ec7t Nam.<\/span><\/p>\n<p><span style=\"color: #000000;\">vi\u00eam k\u1ebft m\u1ea1c, vi\u00eam gi\u00e1c m\u1ea1c, ch\u1ea3y n\u01b0\u1edbc m\u1eaft, \u0111\u1ee5c gi\u00e1c m\u1ea1c, m\u1eaft c\u00f3 m\u1ee7.<\/span><\/p>\n<p><span style=\"color: #000000;\"><strong>TH\u1ec2 T\u00cdCH TH\u1ef0C T\u1ebe:<\/strong> 210 ml<\/span><\/p>\n<p><span style=\"color: #000000;\"><strong>B\u1ea2O QU\u1ea2N:<\/strong> N\u01a1i kh\u00f4 m\u00e1t, nhi\u1ec7t \u0111\u1ed9 ph\u00f2ng<\/span><\/p>\n<p><span style=\"color: #000000;\">https:\/\/beleka.by\/en\/catalog\/udder\/mastavin\/<\/span><br \/>\n<span style=\"color: #000000;\">https:\/\/farmavet.bg\/produkt\/gentamast-f-10-cubic-centimeters\/<\/span><br \/>\n<span style=\"color: #000000;\">https:\/\/www.ourofinosaudeanimal.com\/en\/products\/ruminants\/therapy\/mastifin\/<\/span><\/p>\n","protected":false},"excerpt":{"rendered":"<p><span style=\"color: #000000;\"><strong>S\u1ea3n xu\u1ea5t b\u1edfi:<\/strong><\/span><\/p>\n<p><span style=\"color: #000000;\"><strong>CONG TY TNHH THUOC THU Y A CHAU<\/strong><\/span><\/p>\n<p><span style=\"color: #000000;\">130, Qu\u1ed1c L\u1ed9 1A, P. Ba L\u00e1ng, Q. C\u00e1i R\u0103ng, TP. C\u1ea7n Th\u01a15, Vi\u1ec7t Nam.<\/span><\/p>\n<p><span style=\"color: #000000;\">vi\u00eam k\u1ebft m\u1ea1c, vi\u00eam gi\u00e1c m\u1ea1c, ch\u1ea3y n\u01b0\u1edbc m\u1eaft, \u0111\u1ee5c gi\u00e1c m\u1ea1c, m\u1eaft c\u00f3 m\u1ee7.<\/span><\/p>\n<p><span style=\"color: #000000;\"><strong>TH\u1ec2 T\u00cdCH TH\u1ef0C T\u1ebe:<\/strong> 210 ml<\/span><\/p>\n<p><span style=\"color: #000000;\"><strong>B\u1ea2O QU\u1ea2N:<\/strong> N\u01a1i kh\u00f4 m\u00e1t, nhi\u1ec7t \u0111\u1ed9 ph\u00f2ng<\/span><\/p>\n","protected":false},"featured_media":9378,"comment_status":"open","ping_status":"closed","template":"","meta":[],"product_cat":[90],"product_tag":[],"_links":{"self":[{"href":"https:\/\/www.winmaxco.com.vn\/vi\/wp-json\/wp\/v2\/product\/9447"}],"collection":[{"href":"https:\/\/www.winmaxco.com.vn\/vi\/wp-json\/wp\/v2\/product"}],"about":[{"href":"https:\/\/www.winmaxco.com.vn\/vi\/wp-json\/wp\/v2\/types\/product"}],"replies":[{"embeddable":true,"href":"https:\/\/www.winmaxco.com.vn\/vi\/wp-json\/wp\/v2\/comments?post=9447"}],"wp:featuredmedia":[{"embeddable":true,"href":"https:\/\/www.winmaxco.com.vn\/vi\/wp-json\/wp\/v2\/media\/9378"}],"wp:attachment":[{"href":"https:\/\/www.winmaxco.com.vn\/vi\/wp-json\/wp\/v2\/media?parent=9447"}],"wp:term":[{"taxonomy":"product_cat","embeddable":true,"href":"https:\/\/www.winmaxco.com.vn\/vi\/wp-json\/wp\/v2\/product_cat?post=9447"},{"taxonomy":"product_tag","embeddable":true,"href":"https:\/\/www.winmaxco.com.vn\/vi\/wp-json\/wp\/v2\/product_tag?post=9447"}],"curies":[{"name":"wp","href":"https:\/\/api.w.org\/{rel}","templated":true}]}}