{"id":9445,"date":"2022-06-10T06:48:35","date_gmt":"2022-06-10T06:48:35","guid":{"rendered":"https:\/\/winmaxco.com.vn\/?post_type=product&#038;p=9445"},"modified":"2022-06-10T06:48:35","modified_gmt":"2022-06-10T06:48:35","slug":"alben-oral","status":"publish","type":"product","link":"https:\/\/www.winmaxco.com.vn\/vi\/san-pham\/alben-oral\/","title":{"rendered":"Alben Oral"},"content":{"rendered":"<p style=\"text-align: center;\"><span style=\"color: #000000;\"><strong>ALBEN ORAL<\/strong><\/span><br \/>\n<span style=\"color: #000000;\"><strong>TH\u1ee8C U\u1ed0NG T\u1ed4NG H\u1ee2P<\/strong><\/span><br \/>\n<span style=\"color: #000000;\"><strong>\u0110\u1ec2 X\u00d3A V\u00c0 KI\u1ec2M SO\u00c1T C\u00c1C B\u1ed8 PH\u1eacN N\u1ed8I B\u1ed8<\/strong><\/span><\/p>\n<p><span style=\"color: #000000;\"><strong>TH\u00c0NH PH\u1ea6N:<\/strong><\/span><\/p>\n<p><span style=\"color: #000000;\">Albendazole<\/span><\/p>\n<p><span style=\"color: #000000;\"><strong>CH\u1ec8 \u0110\u1ecaNH:<\/strong><\/span><\/p>\n<p><span style=\"color: #000000;\">H\u1ed7n d\u1ecbch u\u1ed1ng \u0111\u1ec3 s\u1eed d\u1ee5ng cho gia s\u00fac, c\u1eebu v\u00e0 d\u00ea \u0111\u1ec3 t\u1ea9y v\u00e0 ki\u1ec3m so\u00e1t s\u00e1n l\u00e1 gan, s\u00e1n d\u00e2y, giun bao t\u1eed (bao g\u1ed3m c\u1ea3 \u1ea5u tr\u00f9ng b\u1ecb \u1ee9c ch\u1ebf giai \u0111o\u1ea1n 4 c\u1ee7a ostertagia ostertagi), giun \u0111\u01b0\u1eddng ru\u1ed9t v\u00e0 giun ph\u1ed5i \u1edf gia s\u00fac, l\u1ea1c \u0111\u00e0 v\u00e0 c\u1eebu v\u00e0 \u0111\u1ec3 \u0111i\u1ec1u tr\u1ecb cho ng\u01b0\u1eddi l\u1edbn s\u00e1n l\u00e1 gan \u1edf d\u00ea kh\u00f4ng \u0111\u1ebb.<\/span><\/p>\n<p><span style=\"color: #000000;\"><strong>LI\u1ec0U L\u01af\u1ee2NG V\u00c0 C\u00c1CH D\u00d9NG:<\/strong><\/span><\/p>\n<p><span style=\"color: #000000;\">\u0110\u1ed1i v\u1edbi \u0111\u01b0\u1eddng u\u1ed1ng:<\/span><\/p>\n<p><span style=\"color: #000000;\">&#8211; Gia s\u00fac, ng\u1ef1a: 7,5 &#8211; 10 mg \/ kg th\u1ec3 tr\u1ecdng (15 &#8211; 20 ml \/ 50 kg th\u1ec3 tr\u1ecdng).<\/span><br \/>\n<span style=\"color: #000000;\">&#8211; B\u00ea, c\u1eebu, d\u00ea: 5 &#8211; 7,5 mg \/ kg th\u1ec3 tr\u1ecdng (2 &#8211; 3 ml \/ 10 kg th\u1ec3 tr\u1ecdng).<\/span><\/p>\n<p><span style=\"color: #000000;\"><strong>TH\u1edcI K\u1ef2 R\u00daT TI\u1ec0N:<\/strong><\/span><\/p>\n<p><span style=\"color: #000000;\">&#8211; Cho th\u1ecbt:<\/span><\/p>\n<p><span style=\"color: #000000;\">+ Gia s\u00fac: 12 ng\u00e0y.<\/span><br \/>\n<span style=\"color: #000000;\">+ B\u00ea, c\u1eebu, d\u00ea: 4 ng\u00e0y.<\/span><\/p>\n<p><span style=\"color: #000000;\">&#8211; \u0110\u1ed1i v\u1edbi s\u1eefa: 60 gi\u1edd.<\/span><\/p>\n<p><span style=\"color: #000000;\"><strong>GHI CH\u00da:<\/strong><\/span><\/p>\n<p><span style=\"color: #000000;\">+ L\u1eafc chai tr\u01b0\u1edbc khi s\u1eed d\u1ee5ng.<\/span><\/p>\n<p><span style=\"color: #000000;\">+ Kh\u00f4ng d\u00f9ng cho \u0111\u1ed9ng v\u1eadt c\u00f3 thai trong 45 ng\u00e0y \u0111\u1ea7u c\u1ee7a thai k\u1ef3.<\/span><\/p>\n<p><span style=\"color: #000000;\"><strong>Th\u1ec3 t\u00edch th\u1ef1c:<\/strong> 100 ml, 500 ml, 1 L<\/span><\/p>\n<p><span style=\"color: #000000;\"><strong>B\u1ea2O QU\u1ea2N:<\/strong> N\u01a1i kh\u00f4 m\u00e1t, nhi\u1ec7t \u0111\u1ed9 ph\u00f2ng.<\/span><\/p>\n<p><span style=\"color: #000000;\"><strong>CH\u1ec8 D\u00d9NG CHO TH\u00da Y.<\/strong><\/span><\/p>\n","protected":false},"excerpt":{"rendered":"<p><span style=\"color: #000000;\"><strong>Th\u1ec3 t\u00edch th\u1ef1c:<\/strong> 100 ml, 500 ml, 1 L<\/span><\/p>\n<p><span style=\"color: #000000;\"><strong>B\u1ea2O QU\u1ea2N:<\/strong> N\u01a1i kh\u00f4 m\u00e1t, nhi\u1ec7t \u0111\u1ed9 ph\u00f2ng.<\/span><\/p>\n<p><span style=\"color: #000000;\"><strong>CH\u1ec8 D\u00d9NG CHO TH\u00da Y.<\/strong><\/span><\/p>\n","protected":false},"featured_media":9333,"comment_status":"open","ping_status":"closed","template":"","meta":[],"product_cat":[88],"product_tag":[],"_links":{"self":[{"href":"https:\/\/www.winmaxco.com.vn\/vi\/wp-json\/wp\/v2\/product\/9445"}],"collection":[{"href":"https:\/\/www.winmaxco.com.vn\/vi\/wp-json\/wp\/v2\/product"}],"about":[{"href":"https:\/\/www.winmaxco.com.vn\/vi\/wp-json\/wp\/v2\/types\/product"}],"replies":[{"embeddable":true,"href":"https:\/\/www.winmaxco.com.vn\/vi\/wp-json\/wp\/v2\/comments?post=9445"}],"wp:featuredmedia":[{"embeddable":true,"href":"https:\/\/www.winmaxco.com.vn\/vi\/wp-json\/wp\/v2\/media\/9333"}],"wp:attachment":[{"href":"https:\/\/www.winmaxco.com.vn\/vi\/wp-json\/wp\/v2\/media?parent=9445"}],"wp:term":[{"taxonomy":"product_cat","embeddable":true,"href":"https:\/\/www.winmaxco.com.vn\/vi\/wp-json\/wp\/v2\/product_cat?post=9445"},{"taxonomy":"product_tag","embeddable":true,"href":"https:\/\/www.winmaxco.com.vn\/vi\/wp-json\/wp\/v2\/product_tag?post=9445"}],"curies":[{"name":"wp","href":"https:\/\/api.w.org\/{rel}","templated":true}]}}