{"id":9444,"date":"2022-06-10T06:46:08","date_gmt":"2022-06-10T06:46:08","guid":{"rendered":"https:\/\/winmaxco.com.vn\/?post_type=product&#038;p=9444"},"modified":"2022-06-10T06:46:08","modified_gmt":"2022-06-10T06:46:08","slug":"amcomax","status":"publish","type":"product","link":"https:\/\/www.winmaxco.com.vn\/vi\/san-pham\/amcomax\/","title":{"rendered":"Amcomax"},"content":{"rendered":"<p style=\"text-align: center;\"><span style=\"color: #000000;\"><strong>AMCOMAX<\/strong><\/span><br \/>\n<span style=\"color: #000000;\"><strong>T\u1ea0M NG\u1eeaNG C\u00d3 TH\u1ec2 PH\u00c1T SINH &#8211; D\u00c0I H\u1ea0N (LA)<\/strong><\/span><br \/>\n<span style=\"color: #000000;\"><strong>\u0110I\u1ec0U TR\u1eca \u0110\u1eb6C BI\u1ec6T C\u1ee6A KH\u00cd N\u00c9N, VI\u00caM KH\u1edaP, \u0110\u1ea6U NG\u1eccT NG\u00c0O<\/strong><\/span><\/p>\n<p><span style=\"color: #000000;\"><strong>TH\u00c0NH PH\u1ea6N:<\/strong><\/span><\/p>\n<p><span style=\"color: #000000;\">Ampicillin trihydrat<\/span><br \/>\n<span style=\"color: #000000;\">Colistin sulfat<\/span><br \/>\n<span style=\"color: #000000;\">Dexamethasone axetat<\/span><\/p>\n<p><span style=\"color: #000000;\"><strong>CH\u1ec8 \u0110\u1ecaNH:<\/strong><\/span><\/p>\n<p><span style=\"color: #000000;\">\u0110i\u1ec1u tr\u1ecb c\u00e1c b\u1ec7nh nhi\u1ec5m tr\u00f9ng \u0111\u01b0\u1eddng h\u00f4 h\u1ea5p, nhi\u1ec5m tr\u00f9ng \u0111\u01b0\u1eddng ti\u00eau h\u00f3a, uro-genito nh\u01b0: Vi\u00eam ph\u1ed5i, vi\u00eam ru\u1ed9t, ti\u00eau ch\u1ea3y, ph\u00f9 th\u0169ng, nhi\u1ec5m khu\u1ea9n salmonella, vi\u00eam v\u00fa, vi\u00eam t\u1eed cung.<\/span><\/p>\n<p><span style=\"color: #000000;\"><strong>LI\u1ec0U L\u01af\u1ee2NG V\u00c0 C\u00c1CH D\u00d9NG:<\/strong><\/span><\/p>\n<p><span style=\"color: #000000;\">Ti\u00eam b\u1eafp.<\/span><\/p>\n<p><span style=\"color: #000000;\">&#8211; Gia s\u00fac, c\u1eebu: 1 ml \/ 10 kg th\u1ec3 tr\u1ecdng<\/span><br \/>\n<span style=\"color: #000000;\">&#8211; Gia c\u1ea7m: 1 ml \/ 5 &#8211; 6 kg th\u1ec3 tr\u1ecdng<\/span><\/p>\n<p><span style=\"color: #000000;\">M\u1ed9t l\u1ea7n ti\u00eam c\u00f3 t\u00e1c d\u1ee5ng k\u00e9o d\u00e0i 48 gi\u1edd.<\/span><\/p>\n<p><span style=\"color: #000000;\"><strong>TH\u1edcI K\u1ef2 R\u00daT TI\u1ec0N:<\/strong><\/span><\/p>\n<p><span style=\"color: #000000;\">&#8211; \u0110\u1ed1i v\u1edbi th\u1ecbt: 14 ng\u00e0y.<\/span><br \/>\n<span style=\"color: #000000;\">&#8211; \u0110\u1ed1i v\u1edbi s\u1eefa: 3 ng\u00e0y.<\/span><\/p>\n<p><span style=\"color: #000000;\"><strong>L\u01b0u \u00fd:<\/strong> L\u1eafc k\u1ef9 h\u1ed7n d\u1ecbch tr\u01b0\u1edbc khi s\u1eed d\u1ee5ng.<\/span><\/p>\n<p><span style=\"color: #000000;\"><strong>TH\u1ec2 T\u00cdCH TH\u1ef0C T\u1ebe:<\/strong> 20 ml, 100 ml<\/span><\/p>\n<p><span style=\"color: #000000;\"><strong>B\u1ea2O QU\u1ea2N:<\/strong> N\u01a1i kh\u00f4 m\u00e1t, nhi\u1ec7t \u0111\u1ed9 ph\u00f2ng.<\/span><\/p>\n<p><span style=\"color: #000000;\"><strong>CH\u1ec8 D\u00d9NG CHO TH\u00da Y<\/strong><\/span><\/p>\n","protected":false},"excerpt":{"rendered":"<p><span style=\"color: #000000;\"><strong>TH\u1ec2 T\u00cdCH TH\u1ef0C T\u1ebe:<\/strong> 20 ml, 100 ml<\/span><\/p>\n<p><span style=\"color: #000000;\"><strong>B\u1ea2O QU\u1ea2N:<\/strong> N\u01a1i kh\u00f4 m\u00e1t, nhi\u1ec7t \u0111\u1ed9 ph\u00f2ng.<\/span><\/p>\n<p><span style=\"color: #000000;\"><strong>CH\u1ec8 D\u00d9NG CHO TH\u00da Y<\/strong><\/span><\/p>\n","protected":false},"featured_media":9235,"comment_status":"open","ping_status":"closed","template":"","meta":[],"product_cat":[87],"product_tag":[],"_links":{"self":[{"href":"https:\/\/www.winmaxco.com.vn\/vi\/wp-json\/wp\/v2\/product\/9444"}],"collection":[{"href":"https:\/\/www.winmaxco.com.vn\/vi\/wp-json\/wp\/v2\/product"}],"about":[{"href":"https:\/\/www.winmaxco.com.vn\/vi\/wp-json\/wp\/v2\/types\/product"}],"replies":[{"embeddable":true,"href":"https:\/\/www.winmaxco.com.vn\/vi\/wp-json\/wp\/v2\/comments?post=9444"}],"wp:featuredmedia":[{"embeddable":true,"href":"https:\/\/www.winmaxco.com.vn\/vi\/wp-json\/wp\/v2\/media\/9235"}],"wp:attachment":[{"href":"https:\/\/www.winmaxco.com.vn\/vi\/wp-json\/wp\/v2\/media?parent=9444"}],"wp:term":[{"taxonomy":"product_cat","embeddable":true,"href":"https:\/\/www.winmaxco.com.vn\/vi\/wp-json\/wp\/v2\/product_cat?post=9444"},{"taxonomy":"product_tag","embeddable":true,"href":"https:\/\/www.winmaxco.com.vn\/vi\/wp-json\/wp\/v2\/product_tag?post=9444"}],"curies":[{"name":"wp","href":"https:\/\/api.w.org\/{rel}","templated":true}]}}