{"id":9442,"date":"2022-06-10T06:43:16","date_gmt":"2022-06-10T06:43:16","guid":{"rendered":"https:\/\/winmaxco.com.vn\/?post_type=product&#038;p=9442"},"modified":"2022-06-10T06:43:16","modified_gmt":"2022-06-10T06:43:16","slug":"alumax-210-ml","status":"publish","type":"product","link":"https:\/\/www.winmaxco.com.vn\/vi\/san-pham\/alumax-210-ml\/","title":{"rendered":"Alumax 210 ml"},"content":{"rendered":"<p style=\"text-align: center;\"><span style=\"color: #000000;\"><strong>ALUMAX<\/strong><\/span><br \/>\n<span style=\"color: #000000;\"><strong>MAXTOX<\/strong><\/span><br \/>\n<span style=\"color: #000000;\"><strong>GI\u1ea2I PH\u00c1P PHUN X\u0102NG CUTANEOUS<\/strong><\/span><br \/>\n<span style=\"color: #000000;\"><strong>CH\u1ed0NG NHI\u1ec4M KHU\u1ea8N V\u00c0 S\u1ee8C KH\u1eceE NHANH CH\u00d3NG<\/strong><\/span><\/p>\n<p><span style=\"color: #000000;\"><strong>TH\u00c0NH PH\u1ea6N:<\/strong><\/span><\/p>\n<p><span style=\"color: #000000;\">B\u1ed9t nh\u00f4m<\/span><\/p>\n<p><span style=\"color: #000000;\"><strong>CH\u1ec8 \u0110\u1ecaNH:<\/strong><\/span><\/p>\n<p><span style=\"color: #000000;\">&#8211; N\u00f3 \u0111\u01b0\u1ee3c s\u1eed d\u1ee5ng cho gia s\u00fac, ng\u1ef1a, d\u00ea, c\u1eebu, gia c\u1ea7m, ch\u00f3 v\u00e0 m\u00e8o nh\u01b0 m\u1ed9t h\u00e0ng r\u00e0o b\u1ea3o v\u1ec7 ch\u1ed1ng l\u1ea1i c\u00e1c t\u00e1c nh\u00e2n k\u00edch \u1ee9ng b\u00ean ngo\u00e0i.<\/span><br \/>\n<span style=\"color: #000000;\">&#8211; T\u1ed1t cho: t\u1ea9y da, thi\u1ebfn, c\u1eaft \u0111u\u00f4i, l\u1edf lo\u00e9t m\u00f9a h\u00e8, v\u1ebft c\u1eaft nh\u1ecf v\u00e0 v\u1ebft x\u01b0\u1edbc.<\/span><\/p>\n<p><span style=\"color: #000000;\"><strong>H\u01af\u1edaNG D\u1eaaN S\u1eec D\u1ee4NG:<\/strong><\/span><\/p>\n<p><span style=\"color: #000000;\">&#8211; L\u1eafc k\u1ef9 tr\u01b0\u1edbc khi s\u1eed d\u1ee5ng.<\/span><br \/>\n<span style=\"color: #000000;\">&#8211; B\u00f4i b\u1ec1 m\u1eb7t l\u00ean v\u1ebft th\u01b0\u01a1ng m\u1ed9t ho\u1eb7c hai l\u1ea7n m\u1ed7i ng\u00e0y \u0111\u1ec3 t\u1ea1o ra m\u1ed9t l\u1edbp b\u1ed9t m\u1ecbn. \u0110\u1ec3 s\u1eed d\u1ee5ng t\u1ed1i \u01b0u, v\u1ebft th\u01b0\u01a1ng n\u00ean \u0111\u01b0\u1ee3c l\u00e0m s\u1ea1ch, kh\u1eed tr\u00f9ng v\u00e0 kh\u00e2u n\u1ebfu c\u1ea7n thi\u1ebft tr\u01b0\u1edbc khi \u00e1p d\u1ee5ng.<\/span><br \/>\n<span style=\"color: #000000;\">&#8211; N\u00f3 l\u00e0 s\u1ea3n ph\u1ea9m l\u00fd t\u01b0\u1edfng \u0111\u1ec3 \u00e1p d\u1ee5ng cho c\u00e1c v\u1ebft c\u1eaft v\u00e0 tr\u1ea7y x\u01b0\u1edbc nh\u1ecf.<\/span><\/p>\n<p><span style=\"color: #000000;\"><strong>C\u1ea2NH B\u00c1O:<\/strong><\/span><\/p>\n<p><span style=\"color: #000000;\">&#8211; Ch\u1ec9 s\u1eed d\u1ee5ng b\u00ean ngo\u00e0i.<\/span><br \/>\n<span style=\"color: #000000;\">&#8211; Kh\u00f4ng x\u1ecbt trong ho\u1eb7c g\u1ea7n m\u1eaft.<\/span><br \/>\n<span style=\"color: #000000;\">&#8211; Kh\u00f4ng d\u00f9ng cho v\u1ebft th\u01b0\u01a1ng s\u00e2u, nhi\u1ec5m tr\u00f9ng, h\u1edf \/ ch\u1ea3y d\u1ecbch ho\u1eb7c ph\u1ee9c t\u1ea1p.<\/span><br \/>\n<span style=\"color: #000000;\">&#8211; Kh\u00f4ng s\u1eed d\u1ee5ng cho v\u1ebft th\u01b0\u01a1ng n\u00fam v\u00fa \u1edf \u0111\u1ed9ng v\u1eadt \u0111ang cho con b\u00fa s\u1ea3n xu\u1ea5t s\u1eefa cho ng\u01b0\u1eddi. S\u1ea3n ph\u1ea9m c\u00f3 th\u1ec3 \u0111\u01b0\u1ee3c s\u1eed d\u1ee5ng cho \u0111\u1ed9ng v\u1eadt c\u00f3 thai.<\/span><\/p>\n<p><span style=\"color: #000000;\"><strong>TH\u1ec2 T\u00cdCH TH\u1ef0C T\u1ebe:<\/strong> 210 ml<\/span><\/p>\n<p><span style=\"color: #000000;\"><strong>B\u1ea2O QU\u1ea2N:<\/strong> N\u01a1i kh\u00f4 m\u00e1t, nhi\u1ec7t \u0111\u1ed9 ph\u00f2ng<\/span><\/p>\n<p><span style=\"color: #000000;\"><strong>CH\u1ec8 D\u00d9NG CHO TH\u00da Y.<\/strong><\/span><\/p>\n","protected":false},"excerpt":{"rendered":"<p><span style=\"color: #000000;\"><strong>TH\u1ec2 T\u00cdCH TH\u1ef0C T\u1ebe:<\/strong> 210 ml<\/span><\/p>\n<p><span style=\"color: #000000;\"><strong>B\u1ea2O QU\u1ea2N:<\/strong> N\u01a1i kh\u00f4 m\u00e1t, nhi\u1ec7t \u0111\u1ed9 ph\u00f2ng<\/span><\/p>\n<p><span style=\"color: #000000;\"><strong>CH\u1ec8 D\u00d9NG CHO TH\u00da Y.<\/strong><\/span><\/p>\n","protected":false},"featured_media":9225,"comment_status":"open","ping_status":"closed","template":"","meta":[],"product_cat":[86],"product_tag":[],"_links":{"self":[{"href":"https:\/\/www.winmaxco.com.vn\/vi\/wp-json\/wp\/v2\/product\/9442"}],"collection":[{"href":"https:\/\/www.winmaxco.com.vn\/vi\/wp-json\/wp\/v2\/product"}],"about":[{"href":"https:\/\/www.winmaxco.com.vn\/vi\/wp-json\/wp\/v2\/types\/product"}],"replies":[{"embeddable":true,"href":"https:\/\/www.winmaxco.com.vn\/vi\/wp-json\/wp\/v2\/comments?post=9442"}],"wp:featuredmedia":[{"embeddable":true,"href":"https:\/\/www.winmaxco.com.vn\/vi\/wp-json\/wp\/v2\/media\/9225"}],"wp:attachment":[{"href":"https:\/\/www.winmaxco.com.vn\/vi\/wp-json\/wp\/v2\/media?parent=9442"}],"wp:term":[{"taxonomy":"product_cat","embeddable":true,"href":"https:\/\/www.winmaxco.com.vn\/vi\/wp-json\/wp\/v2\/product_cat?post=9442"},{"taxonomy":"product_tag","embeddable":true,"href":"https:\/\/www.winmaxco.com.vn\/vi\/wp-json\/wp\/v2\/product_tag?post=9442"}],"curies":[{"name":"wp","href":"https:\/\/api.w.org\/{rel}","templated":true}]}}