{"id":9496,"date":"2021-05-20T11:50:30","date_gmt":"2021-05-20T11:50:30","guid":{"rendered":"https:\/\/winmaxco.com.vn\/contact-us\/"},"modified":"2022-06-27T04:27:14","modified_gmt":"2022-06-27T04:27:14","slug":"lien-he","status":"publish","type":"page","link":"https:\/\/www.winmaxco.com.vn\/vi\/lien-he\/","title":{"rendered":"Li\u00ean h\u1ec7"},"content":{"rendered":"\t\t<div data-elementor-type=\"wp-page\" data-elementor-id=\"9496\" class=\"elementor elementor-9496 elementor-1622\">\n\t\t\t\t\t\t\t\t\t<section class=\"elementor-section elementor-top-section elementor-element elementor-element-bd25485 elementor-section-full_width elementor-section-height-default elementor-section-height-default qodef-elementor-content-no\" data-id=\"bd25485\" data-element_type=\"section\">\n\t\t\t\t\t\t<div class=\"elementor-container elementor-column-gap-default\">\n\t\t\t\t\t<div class=\"elementor-column elementor-col-100 elementor-top-column elementor-element elementor-element-98d931f\" data-id=\"98d931f\" data-element_type=\"column\">\n\t\t\t<div class=\"elementor-widget-wrap elementor-element-populated\">\n\t\t\t\t\t\t\t\t<div class=\"elementor-element elementor-element-743daea elementor-widget elementor-widget-askka_core_google_map\" data-id=\"743daea\" data-element_type=\"widget\" data-widget_type=\"askka_core_google_map.default\">\n\t\t\t\t<div class=\"elementor-widget-container\">\n\t\t\t<div class=\"qodef-shortcode qodef-m  qodef-google-map\">\n\t<div class=\"qodef-m-map\" id=\"qodef-map-id--178\" data-addresses='[\"139 Journal Square \"]' data-pin=https:\/\/www.winmaxco.com.vn\/wp-content\/uploads\/2021\/06\/pin-icon-map.png data-unique-id=178 data-height=360><\/div>\n<\/div>\n\t\t<\/div>\n\t\t\t\t<\/div>\n\t\t\t\t\t<\/div>\n\t\t<\/div>\n\t\t\t\t\t\t\t<\/div>\n\t\t<\/section>\n\t\t\t\t<section class=\"elementor-section elementor-top-section elementor-element elementor-element-8459a8f elementor-section-boxed elementor-section-height-default elementor-section-height-default qodef-elementor-content-no\" data-id=\"8459a8f\" data-element_type=\"section\">\n\t\t\t\t\t\t<div class=\"elementor-container elementor-column-gap-default\">\n\t\t\t\t\t<div class=\"elementor-column elementor-col-100 elementor-top-column elementor-element elementor-element-ff16d4d\" data-id=\"ff16d4d\" data-element_type=\"column\">\n\t\t\t<div class=\"elementor-widget-wrap elementor-element-populated\">\n\t\t\t\t\t\t\t\t<div class=\"elementor-element elementor-element-ae236fa elementor-widget elementor-widget-askka_core_section_title\" data-id=\"ae236fa\" data-element_type=\"widget\" data-widget_type=\"askka_core_section_title.default\">\n\t\t\t\t<div class=\"elementor-widget-container\">\n\t\t\t<div class=\"qodef-shortcode qodef-m  qodef-section-title qodef-alignment--center \"  >\n\t\t<var class=\"qodef-m-background-text\" data-vertical-offset-3840=\"35\" style=\"font-size: 130px;top: 35px\">\n\t\t<span>Winmax<\/span>\n\t<\/var>\n\t\t<span class=\"qodef-m-subtitle\" >li\u00ean h\u1ec7 ch\u00fang t\u00f4i<\/span>\n\t\t<h2 class=\"qodef-m-title\" style=\"color: #223063\">\n\t\t\t\t\tVUI L\u00d2NG \u0110I\u1ec0N TH\u00d4NG TIN THEO M\u1eaaU\t\t\t<\/h2>\n\t<\/div>\n\t\t<\/div>\n\t\t\t\t<\/div>\n\t\t\t\t\t<\/div>\n\t\t<\/div>\n\t\t\t\t\t\t\t<\/div>\n\t\t<\/section>\n\t\t\t\t<section class=\"elementor-section elementor-top-section elementor-element elementor-element-863d153 elementor-section-boxed elementor-section-height-default elementor-section-height-default qodef-elementor-content-no\" data-id=\"863d153\" data-element_type=\"section\">\n\t\t\t\t\t\t<div class=\"elementor-container elementor-column-gap-default\">\n\t\t\t\t\t<div class=\"elementor-column elementor-col-100 elementor-top-column elementor-element elementor-element-eaf4bbc\" data-id=\"eaf4bbc\" data-element_type=\"column\">\n\t\t\t<div class=\"elementor-widget-wrap elementor-element-populated\">\n\t\t\t\t\t\t\t\t<div class=\"elementor-element elementor-element-14eb6af elementor-widget elementor-widget-wp-widget-askka_core_contact_form_7\" data-id=\"14eb6af\" data-element_type=\"widget\" data-widget_type=\"wp-widget-askka_core_contact_form_7.default\">\n\t\t\t\t<div class=\"elementor-widget-container\">\n\t\t\t\t\t\t<div class=\"qodef-contact-form-7\">\n\t\t\t\t<div role=\"form\" class=\"wpcf7\" id=\"wpcf7-f9508-o1\" lang=\"en-US\" dir=\"ltr\">\n<div class=\"screen-reader-response\"><p role=\"status\" aria-live=\"polite\" aria-atomic=\"true\"><\/p> <ul><\/ul><\/div>\n<form action=\"\/vi\/wp-json\/wp\/v2\/pages\/9496#wpcf7-f9508-o1\" method=\"post\" class=\"wpcf7-form init\" novalidate=\"novalidate\" data-status=\"init\">\n<div style=\"display: none;\">\n<input type=\"hidden\" name=\"_wpcf7\" value=\"9508\" \/>\n<input type=\"hidden\" name=\"_wpcf7_version\" value=\"5.5.6.1\" \/>\n<input type=\"hidden\" name=\"_wpcf7_locale\" value=\"en_US\" \/>\n<input type=\"hidden\" name=\"_wpcf7_unit_tag\" value=\"wpcf7-f9508-o1\" \/>\n<input type=\"hidden\" name=\"_wpcf7_container_post\" value=\"0\" \/>\n<input type=\"hidden\" name=\"_wpcf7_posted_data_hash\" value=\"\" \/>\n<\/div>\n<div style=\"display: none\"><p><span class=\"wpcf7-form-control-wrap\" data-name=\"mbws\"><input size=\"40\" class=\"wpcf7-form-control wpcf7-text\" aria-invalid=\"false\" value=\"\" type=\"text\" name=\"mbws\"><\/span><\/p><\/div><div class=\"qodef-contact-form-inner\">\n<div class=\"qodef-contact-form-row\"><span class=\"wpcf7-form-control-wrap your-name\"><input type=\"text\" name=\"your-name\" value=\"\" size=\"40\" class=\"wpcf7-form-control wpcf7-text wpcf7-validates-as-required\" aria-required=\"true\" aria-invalid=\"false\" placeholder=\"H\u1ecd T\u00ean*\" \/><\/span><span class=\"wpcf7-form-control-wrap your-email\"><input type=\"email\" name=\"your-email\" value=\"\" size=\"40\" class=\"wpcf7-form-control wpcf7-text wpcf7-email wpcf7-validates-as-required wpcf7-validates-as-email\" aria-required=\"true\" aria-invalid=\"false\" placeholder=\"Email*\" \/><\/span> <\/div>\n<div class=\"qodef-contact-form-row\"><span class=\"wpcf7-form-control-wrap your-company\"><input type=\"text\" name=\"your-company\" value=\"\" size=\"40\" class=\"wpcf7-form-control wpcf7-text wpcf7-validates-as-required\" aria-required=\"true\" aria-invalid=\"false\" placeholder=\"C\u00f4ng ty*\" \/><\/span><span class=\"wpcf7-form-control-wrap your-telephone\"><input type=\"text\" name=\"your-telephone\" value=\"\" size=\"40\" class=\"wpcf7-form-control wpcf7-text wpcf7-validates-as-required\" aria-required=\"true\" aria-invalid=\"false\" placeholder=\"\u0110i\u1ec7n tho\u1ea1i*\" \/><\/span><\/div>\n<div class=\"qodef-contact-form-row\"><span class=\"wpcf7-form-control-wrap your-country\"><input type=\"text\" name=\"your-country\" value=\"\" size=\"40\" class=\"wpcf7-form-control wpcf7-text wpcf7-validates-as-required\" aria-required=\"true\" aria-invalid=\"false\" placeholder=\"Qu\u1ed1c gia*\" \/><\/span><span class=\"wpcf7-form-control-wrap menu-457\"><select name=\"menu-457\" class=\"wpcf7-form-control wpcf7-select\" aria-invalid=\"false\"><option value=\"B\u1ea1n thu\u1ed9c kh\u00e1ch h\u00e0ng n\u00e0o\">B\u1ea1n thu\u1ed9c kh\u00e1ch h\u00e0ng n\u00e0o<\/option><option value=\"N\u00f4ng d\u00e2n\">N\u00f4ng d\u00e2n<\/option><option value=\"Nh\u00e0 ph\u00e2n ph\u1ed1i\">Nh\u00e0 ph\u00e2n ph\u1ed1i<\/option><\/select><\/span><\/div>\n<div class=\"qodef-contact-text-row\"><span class=\"wpcf7-form-control-wrap your-message\"><textarea name=\"your-message\" cols=\"40\" rows=\"3\" class=\"wpcf7-form-control wpcf7-textarea\" aria-invalid=\"false\" placeholder=\"N\u1ed9i dung\"><\/textarea><\/span><\/div>\n<div class=\"qodef-contact-button-row\"><button type=\"submit\" class=\"wpcf7-form-control wpcf7-submit qodef-button qodef-size--normal qodef-layout--filled qodef-m\"><span class=\"qodef-m-text\">G\u1eedi<\/span><\/button><\/div>\n<\/div><div class=\"wpcf7-response-output\" aria-hidden=\"true\"><\/div><\/form><\/div>\t\t\t<\/div>\n\t\t\t\t\t<\/div>\n\t\t\t\t<\/div>\n\t\t\t\t\t<\/div>\n\t\t<\/div>\n\t\t\t\t\t\t\t<\/div>\n\t\t<\/section>\n\t\t\t\t<section class=\"elementor-section elementor-top-section elementor-element elementor-element-0f352d7 elementor-section-boxed elementor-section-height-default elementor-section-height-default qodef-elementor-content-no\" data-id=\"0f352d7\" data-element_type=\"section\">\n\t\t\t\t\t\t<div class=\"elementor-container elementor-column-gap-default\">\n\t\t\t\t\t<div class=\"elementor-column elementor-col-25 elementor-top-column elementor-element elementor-element-d088500\" data-id=\"d088500\" data-element_type=\"column\">\n\t\t\t<div class=\"elementor-widget-wrap elementor-element-populated\">\n\t\t\t\t\t\t\t\t<div class=\"elementor-element elementor-element-f916362 elementor-widget__width-initial elementor-widget elementor-widget-askka_core_section_title\" data-id=\"f916362\" data-element_type=\"widget\" data-widget_type=\"askka_core_section_title.default\">\n\t\t\t\t<div class=\"elementor-widget-container\">\n\t\t\t<div class=\"qodef-shortcode qodef-m  qodef-section-title qodef-alignment--center \"  >\n\t\t\t\t<h5 class=\"qodef-m-title\" style=\"color: #223063\">\n\t\t\t\t\t\u0110\u1ecba ch\u1ec9\t\t\t<\/h5>\n\t\t<p class=\"qodef-m-text\" style=\"margin-top: 13px\">2.9B1, Khu CN Tr\u00e0 N\u00f3c 2, Ph\u01b0\u1eddng Ph\u01b0\u1edbc Th\u1edbi, Qu\u1eadn \u00d4 M\u00f4n, C\u1ea7n Th\u01a1, Vi\u1ec7t Nam.<\/p>\n<\/div>\n\t\t<\/div>\n\t\t\t\t<\/div>\n\t\t\t\t\t<\/div>\n\t\t<\/div>\n\t\t\t\t<div class=\"elementor-column elementor-col-25 elementor-top-column elementor-element elementor-element-2c38d92\" data-id=\"2c38d92\" data-element_type=\"column\">\n\t\t\t<div class=\"elementor-widget-wrap elementor-element-populated\">\n\t\t\t\t\t\t\t\t<div class=\"elementor-element elementor-element-0b7fff3 elementor-widget__width-initial elementor-widget elementor-widget-askka_core_section_title\" data-id=\"0b7fff3\" data-element_type=\"widget\" data-widget_type=\"askka_core_section_title.default\">\n\t\t\t\t<div class=\"elementor-widget-container\">\n\t\t\t<div class=\"qodef-shortcode qodef-m  qodef-section-title qodef-alignment--center \"  >\n\t\t\t\t<h5 class=\"qodef-m-title\" style=\"color: #223063\">\n\t\t\t\t\t<a itemprop=\"url\" href=\"mailto:winmax.ctvn@gmail.com\" target=\"\">\n\t\t\t\t\tE-mail\t\t\t\t\t<\/a>\n\t\t\t<\/h5>\n\t\t<p class=\"qodef-m-text\" style=\"margin-top: 13px\">winmax.ctvn@gmail.com<\/p>\n<\/div>\n\t\t<\/div>\n\t\t\t\t<\/div>\n\t\t\t\t\t<\/div>\n\t\t<\/div>\n\t\t\t\t<div class=\"elementor-column elementor-col-25 elementor-top-column elementor-element elementor-element-3c5709a\" data-id=\"3c5709a\" data-element_type=\"column\">\n\t\t\t<div class=\"elementor-widget-wrap elementor-element-populated\">\n\t\t\t\t\t\t\t\t<div class=\"elementor-element elementor-element-6a6d737 elementor-widget__width-initial elementor-widget elementor-widget-askka_core_section_title\" data-id=\"6a6d737\" data-element_type=\"widget\" data-widget_type=\"askka_core_section_title.default\">\n\t\t\t\t<div class=\"elementor-widget-container\">\n\t\t\t<div class=\"qodef-shortcode qodef-m  qodef-section-title qodef-alignment--center \"  >\n\t\t\t\t<h5 class=\"qodef-m-title\" style=\"color: #223063\">\n\t\t\t\t\t<a itemprop=\"url\" href=\"tel:02923744744\" target=\"\">\n\t\t\t\t\t\u0110i\u1ec7n tho\u1ea1i\t\t\t\t\t<\/a>\n\t\t\t<\/h5>\n\t\t<p class=\"qodef-m-text\" style=\"margin-top: 13px\">029 237 44 744<\/p>\n<\/div>\n\t\t<\/div>\n\t\t\t\t<\/div>\n\t\t\t\t\t<\/div>\n\t\t<\/div>\n\t\t\t\t<div class=\"elementor-column elementor-col-25 elementor-top-column elementor-element elementor-element-e0d277f\" data-id=\"e0d277f\" data-element_type=\"column\">\n\t\t\t<div class=\"elementor-widget-wrap elementor-element-populated\">\n\t\t\t\t\t\t\t\t<div class=\"elementor-element elementor-element-251b6a1 elementor-widget elementor-widget-text-editor\" data-id=\"251b6a1\" data-element_type=\"widget\" data-widget_type=\"text-editor.default\">\n\t\t\t\t<div class=\"elementor-widget-container\">\n\t\t\t<style>\/*! elementor - v3.6.5 - 27-04-2022 *\/\n.elementor-widget-text-editor.elementor-drop-cap-view-stacked .elementor-drop-cap{background-color:#818a91;color:#fff}.elementor-widget-text-editor.elementor-drop-cap-view-framed .elementor-drop-cap{color:#818a91;border:3px solid;background-color:transparent}.elementor-widget-text-editor:not(.elementor-drop-cap-view-default) .elementor-drop-cap{margin-top:8px}.elementor-widget-text-editor:not(.elementor-drop-cap-view-default) .elementor-drop-cap-letter{width:1em;height:1em}.elementor-widget-text-editor .elementor-drop-cap{float:left;text-align:center;line-height:1;font-size:50px}.elementor-widget-text-editor .elementor-drop-cap-letter{display:inline-block}<\/style>\t\t\t\t<h5 style=\"text-align: center; color: #223063;\">Fanpage<\/h5>\n<p style=\"text-align: center;\"><a href=\"http:\/\/www.facebook.com\/winmax.vietnam\" target=\"_blank\" rel=\"noopener\">http:\/\/www.facebook.com\/winmax.vietnam<\/a><\/p>\t\t\t\t\t\t<\/div>\n\t\t\t\t<\/div>\n\t\t\t\t\t<\/div>\n\t\t<\/div>\n\t\t\t\t\t\t\t<\/div>\n\t\t<\/section>\n\t\t\t\t\t\t\t<\/div>\n\t\t","protected":false},"excerpt":{"rendered":"<p>Winmax li\u00ean h\u1ec7 ch\u00fang t\u00f4i VUI L\u00d2NG \u0110I\u1ec0N TH\u00d4NG TIN THEO M\u1eaaU \u0110\u1ecba ch\u1ec9 2.9B1, Khu CN Tr\u00e0 N\u00f3c 2, Ph\u01b0\u1eddng Ph\u01b0\u1edbc Th\u1edbi, Qu\u1eadn \u00d4 M\u00f4n, C\u1ea7n Th\u01a1, Vi\u1ec7t Nam. E-mail winmax.ctvn@gmail.com \u0110i\u1ec7n tho\u1ea1i 029 237 44 744 Fanpage http:\/\/www.facebook.com\/winmax.vietnam<\/p>\n","protected":false},"author":1,"featured_media":0,"parent":0,"menu_order":0,"comment_status":"closed","ping_status":"closed","template":"page-full-width.php","meta":[],"_links":{"self":[{"href":"https:\/\/www.winmaxco.com.vn\/vi\/wp-json\/wp\/v2\/pages\/9496"}],"collection":[{"href":"https:\/\/www.winmaxco.com.vn\/vi\/wp-json\/wp\/v2\/pages"}],"about":[{"href":"https:\/\/www.winmaxco.com.vn\/vi\/wp-json\/wp\/v2\/types\/page"}],"author":[{"embeddable":true,"href":"https:\/\/www.winmaxco.com.vn\/vi\/wp-json\/wp\/v2\/users\/1"}],"replies":[{"embeddable":true,"href":"https:\/\/www.winmaxco.com.vn\/vi\/wp-json\/wp\/v2\/comments?post=9496"}],"version-history":[{"count":37,"href":"https:\/\/www.winmaxco.com.vn\/vi\/wp-json\/wp\/v2\/pages\/9496\/revisions"}],"predecessor-version":[{"id":9994,"href":"https:\/\/www.winmaxco.com.vn\/vi\/wp-json\/wp\/v2\/pages\/9496\/revisions\/9994"}],"wp:attachment":[{"href":"https:\/\/www.winmaxco.com.vn\/vi\/wp-json\/wp\/v2\/media?parent=9496"}],"curies":[{"name":"wp","href":"https:\/\/api.w.org\/{rel}","templated":true}]}}